{"id":2,"date":"2020-11-29T01:50:39","date_gmt":"2020-11-29T01:50:39","guid":{"rendered":"http:\/\/weednewstime.com\/?page_id=2"},"modified":"2020-12-01T12:52:34","modified_gmt":"2020-12-01T12:52:34","slug":"sample-page","status":"publish","type":"page","link":"https:\/\/cannadaily.news\/fr\/sample-page\/","title":{"rendered":"\u00c0 propos"},"content":{"rendered":"<div class=\"wp-block-group\"><div class=\"wp-block-group__inner-container\">\n<p>Salut tout le monde! On se lance dans cette aventure, ce projet, et nous sommes tr\u00e8s heureux de pouvoir le partager avec vous. Nous sommes ici pour informer, divertir et sensibiliser sur toutes les th\u00e9matiques li\u00e9es au cannabis, \u00e0 la weed, l\u2019herbe, la ganga\u2026 Comme vous voulez l\u2019appeler. Malgr\u00e9 l\u2019impression initiale sur ce sujet ayant l'air d'avoir mauvaise r\u00e9putation, nous voulons \u00e9clairer et entamer une discussion sur l\u2019aide que le cannabis apporte \u00e0 la soci\u00e9t\u00e9 de plusieurs mani\u00e8res.<\/p>\n<\/div><\/div>\n\n\n\n<p>Tout ce dont vous devez savoir sur le cannabis l\u00e9gal se trouve ici, ainsi que les meilleures blagues, memes, les recettes comportant cet ingr\u00e9dient magique, et les interviews les plus int\u00e9ressantes sur les personnes qui permettent \u00e0 l\u2019incroyable monde du cannabis l\u00e9gal de pousser.<\/p>\n\n\n\n<p>Restez avec nous et apprenez comment le Cannabidiol et les autres produits cannabiques l\u00e9gaux \u00e9voluent et s\u2019am\u00e9liorent jour apr\u00e8s jour. <\/p>\n\n\n\n<figure class=\"wp-block-image is-resized\"><img src=\"https:\/\/static.xx.fbcdn.net\/images\/emoji.php\/v9\/t5f\/2\/16\/1f30e.png\" alt=\"?\" width=\"26\" height=\"26\"\/><\/figure>\n\n\n\n<p><\/p>","protected":false},"excerpt":{"rendered":"<p>Hi everyone, we are starting this adventure, this project, and are very happy to share it with all of you. We are here to&#8230;<\/p>","protected":false},"author":1,"featured_media":0,"parent":0,"menu_order":0,"comment_status":"closed","ping_status":"open","template":"","meta":[],"yoast_head":"<!-- This site is optimized with the Yoast SEO plugin v17.8 - https:\/\/yoast.com\/wordpress\/plugins\/seo\/ -->\n<title>About Us - CannaDaily<\/title>\n<meta name=\"robots\" content=\"index, follow, max-snippet:-1, max-image-preview:large, max-video-preview:-1\" \/>\n<link rel=\"canonical\" href=\"https:\/\/cannadaily.news\/fr\/sample-page\/\" \/>\n<meta property=\"og:locale\" content=\"fr_FR\" \/>\n<meta property=\"og:type\" content=\"article\" \/>\n<meta property=\"og:title\" content=\"About Us - CannaDaily\" \/>\n<meta property=\"og:description\" content=\"Hi everyone, we are starting this adventure, this project, and are very happy to share it with all of you. We are here to...\" \/>\n<meta property=\"og:url\" content=\"https:\/\/cannadaily.news\/fr\/sample-page\/\" \/>\n<meta property=\"og:site_name\" content=\"CannaDaily\" \/>\n<meta property=\"article:modified_time\" content=\"2020-12-01T12:52:34+00:00\" \/>\n<meta property=\"og:image\" content=\"https:\/\/static.xx.fbcdn.net\/images\/emoji.php\/v9\/t5f\/2\/16\/1f30e.png\" \/>\n<meta name=\"twitter:card\" content=\"summary_large_image\" \/>\n<meta name=\"twitter:label1\" content=\"Dur\u00e9e de lecture estim\u00e9e\" \/>\n\t<meta name=\"twitter:data1\" content=\"1 minute\" \/>\n<script type=\"application\/ld+json\" class=\"yoast-schema-graph\">{\"@context\":\"https:\/\/schema.org\",\"@graph\":[{\"@type\":\"WebSite\",\"@id\":\"http:\/\/cannadaily.news\/fr\/#website\",\"url\":\"http:\/\/cannadaily.news\/fr\/\",\"name\":\"CannaDaily\",\"description\":\"&quot;All the News That Fit the High&quot;\",\"potentialAction\":[{\"@type\":\"SearchAction\",\"target\":{\"@type\":\"EntryPoint\",\"urlTemplate\":\"http:\/\/cannadaily.news\/fr\/?s={search_term_string}\"},\"query-input\":\"required name=search_term_string\"}],\"inLanguage\":\"fr-FR\"},{\"@type\":\"ImageObject\",\"@id\":\"http:\/\/cannadaily.news\/sample-page\/#primaryimage\",\"inLanguage\":\"fr-FR\",\"url\":\"https:\/\/static.xx.fbcdn.net\/images\/emoji.php\/v9\/t5f\/2\/16\/1f30e.png\",\"contentUrl\":\"https:\/\/static.xx.fbcdn.net\/images\/emoji.php\/v9\/t5f\/2\/16\/1f30e.png\"},{\"@type\":\"WebPage\",\"@id\":\"http:\/\/cannadaily.news\/sample-page\/#webpage\",\"url\":\"http:\/\/cannadaily.news\/sample-page\/\",\"name\":\"About Us - CannaDaily\",\"isPartOf\":{\"@id\":\"http:\/\/cannadaily.news\/fr\/#website\"},\"primaryImageOfPage\":{\"@id\":\"http:\/\/cannadaily.news\/sample-page\/#primaryimage\"},\"datePublished\":\"2020-11-29T01:50:39+00:00\",\"dateModified\":\"2020-12-01T12:52:34+00:00\",\"breadcrumb\":{\"@id\":\"http:\/\/cannadaily.news\/sample-page\/#breadcrumb\"},\"inLanguage\":\"fr-FR\",\"potentialAction\":[{\"@type\":\"ReadAction\",\"target\":[\"http:\/\/cannadaily.news\/sample-page\/\"]}]},{\"@type\":\"BreadcrumbList\",\"@id\":\"http:\/\/cannadaily.news\/sample-page\/#breadcrumb\",\"itemListElement\":[{\"@type\":\"ListItem\",\"position\":1,\"name\":\"Home\",\"item\":\"http:\/\/cannadaily.news\/fr\/\"},{\"@type\":\"ListItem\",\"position\":2,\"name\":\"About Us\"}]}]}<\/script>\n<!-- \/ Yoast SEO plugin. -->","yoast_head_json":{"title":"About Us - CannaDaily","robots":{"index":"index","follow":"follow","max-snippet":"max-snippet:-1","max-image-preview":"max-image-preview:large","max-video-preview":"max-video-preview:-1"},"canonical":"https:\/\/cannadaily.news\/fr\/sample-page\/","og_locale":"fr_FR","og_type":"article","og_title":"About Us - CannaDaily","og_description":"Hi everyone, we are starting this adventure, this project, and are very happy to share it with all of you. We are here to...","og_url":"https:\/\/cannadaily.news\/fr\/sample-page\/","og_site_name":"CannaDaily","article_modified_time":"2020-12-01T12:52:34+00:00","og_image":[{"url":"https:\/\/static.xx.fbcdn.net\/images\/emoji.php\/v9\/t5f\/2\/16\/1f30e.png"}],"twitter_card":"summary_large_image","twitter_misc":{"Dur\u00e9e de lecture estim\u00e9e":"1 minute"},"schema":{"@context":"https:\/\/schema.org","@graph":[{"@type":"WebSite","@id":"http:\/\/cannadaily.news\/fr\/#website","url":"http:\/\/cannadaily.news\/fr\/","name":"CannaDaily","description":"&quot;All the News That Fit the High&quot;","potentialAction":[{"@type":"SearchAction","target":{"@type":"EntryPoint","urlTemplate":"http:\/\/cannadaily.news\/fr\/?s={search_term_string}"},"query-input":"required name=search_term_string"}],"inLanguage":"fr-FR"},{"@type":"ImageObject","@id":"http:\/\/cannadaily.news\/sample-page\/#primaryimage","inLanguage":"fr-FR","url":"https:\/\/static.xx.fbcdn.net\/images\/emoji.php\/v9\/t5f\/2\/16\/1f30e.png","contentUrl":"https:\/\/static.xx.fbcdn.net\/images\/emoji.php\/v9\/t5f\/2\/16\/1f30e.png"},{"@type":"WebPage","@id":"http:\/\/cannadaily.news\/sample-page\/#webpage","url":"http:\/\/cannadaily.news\/sample-page\/","name":"About Us - CannaDaily","isPartOf":{"@id":"http:\/\/cannadaily.news\/fr\/#website"},"primaryImageOfPage":{"@id":"http:\/\/cannadaily.news\/sample-page\/#primaryimage"},"datePublished":"2020-11-29T01:50:39+00:00","dateModified":"2020-12-01T12:52:34+00:00","breadcrumb":{"@id":"http:\/\/cannadaily.news\/sample-page\/#breadcrumb"},"inLanguage":"fr-FR","potentialAction":[{"@type":"ReadAction","target":["http:\/\/cannadaily.news\/sample-page\/"]}]},{"@type":"BreadcrumbList","@id":"http:\/\/cannadaily.news\/sample-page\/#breadcrumb","itemListElement":[{"@type":"ListItem","position":1,"name":"Home","item":"http:\/\/cannadaily.news\/fr\/"},{"@type":"ListItem","position":2,"name":"About Us"}]}]}},"_links":{"self":[{"href":"https:\/\/cannadaily.news\/fr\/wp-json\/wp\/v2\/pages\/2"}],"collection":[{"href":"https:\/\/cannadaily.news\/fr\/wp-json\/wp\/v2\/pages"}],"about":[{"href":"https:\/\/cannadaily.news\/fr\/wp-json\/wp\/v2\/types\/page"}],"author":[{"embeddable":true,"href":"https:\/\/cannadaily.news\/fr\/wp-json\/wp\/v2\/users\/1"}],"replies":[{"embeddable":true,"href":"https:\/\/cannadaily.news\/fr\/wp-json\/wp\/v2\/comments?post=2"}],"version-history":[{"count":3,"href":"https:\/\/cannadaily.news\/fr\/wp-json\/wp\/v2\/pages\/2\/revisions"}],"predecessor-version":[{"id":164,"href":"https:\/\/cannadaily.news\/fr\/wp-json\/wp\/v2\/pages\/2\/revisions\/164"}],"wp:attachment":[{"href":"https:\/\/cannadaily.news\/fr\/wp-json\/wp\/v2\/media?parent=2"}],"curies":[{"name":"wp","href":"https:\/\/api.w.org\/{rel}","templated":true}]}}